{"id":2,"date":"2018-02-16T11:22:44","date_gmt":"2018-02-16T10:22:44","guid":{"rendered":"http:\/\/natixis-ezine.intercountry.com\/?page_id=2"},"modified":"2025-02-19T10:36:52","modified_gmt":"2025-02-19T09:36:52","slug":"page-d-exemple","status":"publish","type":"page","link":"https:\/\/natixis.ezine.intercountry.com\/","title":{"rendered":"Page d\u2019accueil"},"content":{"rendered":"\n<h1 class=\"has-text-align-center has-huge-font-size\" style=\"line-height:0.7\"><span class=\"has-inline-color has-black-color\">English<\/span> <span style=\"color:#581d74\" class=\"has-inline-color\">E-Zine<\/span><\/h1>\n\n\n\n<div class=\"wp-block-image\"><figure class=\"aligncenter size-large\"><img loading=\"lazy\" width=\"294\" height=\"82\" src=\"https:\/\/natixis.ezine.intercountry.com\/wp-content\/uploads\/2020\/07\/brush.jpg\" alt=\"\" class=\"wp-image-619\"\/><\/figure><\/div>\n\n\n\n<h2 class=\"has-text-align-center has-text-color\" style=\"color:#581d74\">WELCOME to the&nbsp;ENGLISH E-ZINE!<\/h2>\n\n\n\n<div class=\"wp-block-columns\">\n<div class=\"wp-block-column\">\n<div class=\"wp-block-image\"><figure class=\"aligncenter size-large\"><img loading=\"lazy\" width=\"64\" height=\"48\" src=\"https:\/\/natixis.ezine.intercountry.com\/wp-content\/uploads\/2025\/02\/united_kingdom_round_icon_64.png\" alt=\"\" class=\"wp-image-5675\"\/><\/figure><\/div>\n\n\n\n<p style=\"font-size:18px\">Following your \u201cRegistration\u201d you will receive a notification email providing access to a short English article and video on the Ezine platform twice a week that will help you develop your listening and reading comprehension skills.&nbsp;<\/p>\n\n\n\n<p class=\"has-black-color has-text-color\" style=\"font-size:18px\">To help you build your vocabulary while reading the Articles just <strong><span style=\"color:#581d74\" class=\"has-inline-color\"><span class=\"tooltipsall tooltipsincontent classtoolTips807\">slide<\/span> your cursor<\/span><\/strong> over the underlined word to have the French translation.&nbsp;<\/p>\n\n\n\n<p style=\"font-size:18px\">To develop your listening skills, we have subtitled the intermediate-level videos.<\/p>\n<\/div>\n\n\n\n<div class=\"wp-block-column\" id=\"Contact\">\n<div class=\"wp-block-image\"><figure class=\"aligncenter size-large\"><img loading=\"lazy\" width=\"64\" height=\"48\" src=\"https:\/\/natixis.ezine.intercountry.com\/wp-content\/uploads\/2025\/02\/france_round_icon_64.png\" alt=\"\" class=\"wp-image-5676\"\/><\/figure><\/div>\n\n\n\n<p style=\"font-size:18px\">\u00c0 la suite de votre \u201cregistration\u201d, vous recevrez un courriel de notification vous donnant acc\u00e8s \u00e0 un article et une vid\u00e9o courte en anglais deux fois par semaine sur la plateforme E-Zine qui vous aideront \u00e0 d\u00e9velopper vos comp\u00e9tences d\u2019\u00e9coute et de lecture.<\/p>\n\n\n\n<p style=\"font-size:18px\">Pour vous aider \u00e0 construire votre vocabulaire <span class=\"tooltipsall tooltipsincontent classtoolTips875\">tout<\/span> en lisant les articles il suffit de <span style=\"color:#581d74\" class=\"has-inline-color\"><strong>glisser votre curseur<\/strong><\/span> sur le mot soulign\u00e9 pour avoir la traduction fran\u00e7aise.<\/p>\n\n\n\n<p style=\"font-size:18px\">Pour d\u00e9velopper vos comp\u00e9tences d\u2019\u00e9coute, nous avons sous-titr\u00e9 les vid\u00e9os de niveau interm\u00e9diaire<\/p>\n<\/div>\n<\/div>\n\n\n\n<div class=\"wp-block-image\"><figure class=\"aligncenter size-medium\"><img loading=\"lazy\" width=\"300\" height=\"160\" src=\"https:\/\/natixis.ezine.intercountry.com\/wp-content\/uploads\/2020\/03\/Exemple-d\u00e9finition-1-e1588273608913-300x160.png\" alt=\"\" class=\"wp-image-556\" srcset=\"https:\/\/natixis.ezine.intercountry.com\/wp-content\/uploads\/2020\/03\/Exemple-d\u00e9finition-1-e1588273608913-300x160.png 300w, https:\/\/natixis.ezine.intercountry.com\/wp-content\/uploads\/2020\/03\/Exemple-d\u00e9finition-1-e1588273608913.png 748w\" sizes=\"(max-width: 300px) 100vw, 300px\" \/><\/figure><\/div>\n\n\n\n<div class=\"wp-block-columns\">\n<div class=\"wp-block-column\">\n<h2 class=\"has-text-color\" style=\"color:#581d74\">HOW IT WORKS<\/h2>\n\n\n\n<p class=\"has-black-color has-text-color\" style=\"font-size:18px\">To read and view your weekly updates just click on the <span style=\"color:#581d74\" class=\"has-inline-color\"><strong>Articles of the Week<\/strong><\/span> link in your notifications email. That\u2019s it!<\/p>\n\n\n\n<p style=\"font-size:18px\">Then, just click on <span style=\"color:#581d74\" class=\"has-inline-color\"><strong>Videos of the Week<\/strong><\/span> in the Menu Bar to view your latest video.&nbsp;<\/p>\n\n\n\n<p style=\"font-size:18px\">By clicking on <span style=\"color:#581d74\" class=\"has-inline-color\"><strong>Archives<\/strong><\/span> you can read and view previous articles and videos on Business, Management, Innovation &amp; Lifestyle subjects at any time. Enjoy!<\/p>\n\n\n\n<p style=\"font-size:18px\">If you would like to suggest how we can <span class=\"tooltipsall tooltipsincontent classtoolTips514\">improve<\/span> the E-Zine, want us to solve a technical issue for just send a message click on <span style=\"color:#581d74\" class=\"has-inline-color\"><strong>Contact<\/strong><\/span>&nbsp;<\/p>\n\n\n\n<p><\/p>\n<\/div>\n\n\n\n<div class=\"wp-block-column\">\n<h2 class=\"has-text-color\" style=\"color:#581d74\">HOW IT WORKS<\/h2>\n\n\n\n<p style=\"font-size:18px\">Pour lire et consulter vos mises \u00e0 jour hebdomadaires cliquez sur le lien <span style=\"color:#581d74\" class=\"has-inline-color\"><strong>Articles of the Week<\/strong><\/span> dans votre courriel de notification. C\u2019est <span class=\"tooltipsall tooltipsincontent classtoolTips875\">tout<\/span>!<\/p>\n\n\n\n<p style=\"font-size:18px\">Ensuite, cliquez sur <span style=\"color:#581d74\" class=\"has-inline-color\"><strong>Videos of the Week<\/strong><\/span> dans la barre de menus pour voir votre derni\u00e8re vid\u00e9o.<\/p>\n\n\n\n<p style=\"font-size:18px\">En cliquant sur <strong><span style=\"color:#581d74\" class=\"has-inline-color\">Archives<\/span><\/strong> vous pouvez \u00e0 <span class=\"tooltipsall tooltipsincontent classtoolTips875\">tout<\/span> moment lire et visionner les articles et vid\u00e9os pr\u00e9c\u00e9dentes sur les sujets Business, Management, Innovation &amp; Lifestyle. Profitez-en!<\/p>\n\n\n\n<p style=\"font-size:18px\">Si vous souhaitez sugg\u00e9rer comment nous pouvons am\u00e9liorer L\u2019E-Zine, r\u00e9soudre un probl\u00e8me technique ou <span class=\"tooltipsall tooltipsincontent classtoolTips875\">tout<\/span> simplement envoyer un message cliquez sur <strong><span style=\"color:#581d74\" class=\"has-inline-color\">Contact<\/span><\/strong>&nbsp;<\/p>\n<\/div>\n<\/div>\n\n\n\n<hr class=\"wp-block-separator is-style-wide\"\/>\n\n\n\n<div class=\"wp-block-columns\">\n<div class=\"wp-block-column\">\n<div class=\"wp-block-image\"><figure class=\"alignleft size-large\"><img loading=\"lazy\" width=\"1024\" height=\"170\" src=\"https:\/\/natixis.ezine.intercountry.com\/wp-content\/uploads\/2020\/07\/Logo-groupeBPCE-1024x170.jpg\" alt=\"\" class=\"wp-image-620\" srcset=\"https:\/\/natixis.ezine.intercountry.com\/wp-content\/uploads\/2020\/07\/Logo-groupeBPCE-1024x170.jpg 1024w, https:\/\/natixis.ezine.intercountry.com\/wp-content\/uploads\/2020\/07\/Logo-groupeBPCE-300x50.jpg 300w, https:\/\/natixis.ezine.intercountry.com\/wp-content\/uploads\/2020\/07\/Logo-groupeBPCE-768x128.jpg 768w, https:\/\/natixis.ezine.intercountry.com\/wp-content\/uploads\/2020\/07\/Logo-groupeBPCE.jpg 1250w\" sizes=\"(max-width: 1024px) 100vw, 1024px\" \/><\/figure><\/div>\n\n\n\n<p><\/p>\n<\/div>\n\n\n\n<div class=\"wp-block-column\">\n<p class=\"has-text-align-right has-text-color\" style=\"color:#5f6367;font-size:14px\"><a href=\"https:\/\/natixis.ezine.intercountry.com\/disclaimer\/\">Disclaimer<\/a>\u2002\u2002 Data protection<br> <strong>\u00a9<\/strong>Natixis 2020<\/p>\n<\/div>\n<\/div>\n\n\n\n<p><\/p>\n\n\n\n<p><\/p>\n<script type=\"text\/javascript\"> toolTips('.classtoolTips514','am\u00e9liorer'); <\/script><script type=\"text\/javascript\"> toolTips('.classtoolTips807','glisser'); <\/script><script type=\"text\/javascript\"> toolTips('.classtoolTips827','br\u00e8che'); <\/script><script type=\"text\/javascript\"> toolTips('.classtoolTips832','se pr\u00e9cipiter'); <\/script><script type=\"text\/javascript\"> toolTips('.classtoolTips838','dirige(nt)\/ t\u00eate'); <\/script><script type=\"text\/javascript\"> toolTips('.classtoolTips853','litige, proc\u00e8s'); <\/script><script type=\"text\/javascript\"> toolTips('.classtoolTips875','vanter'); <\/script>","protected":false},"excerpt":{"rendered":"<p>English E-Zine WELCOME to the&nbsp;ENGLISH E-ZINE! Following your \u201cRegistration\u201d you will receive a notification email providing access to a short English article and video on the Ezine platform twice a week that will help you develop your listening and reading comprehension skills.&nbsp; To help you build your vocabulary while reading the Articles just slide your <a class=\"more-link\" href=\"https:\/\/natixis.ezine.intercountry.com\/\">Continue reading <i class=\"fa fa-chevron-right\"><\/i><\/a><\/p>\n","protected":false},"author":1,"featured_media":556,"parent":0,"menu_order":0,"comment_status":"closed","ping_status":"open","template":"","meta":[],"acf":[],"_links":{"self":[{"href":"https:\/\/natixis.ezine.intercountry.com\/index.php\/wp-json\/wp\/v2\/pages\/2"}],"collection":[{"href":"https:\/\/natixis.ezine.intercountry.com\/index.php\/wp-json\/wp\/v2\/pages"}],"about":[{"href":"https:\/\/natixis.ezine.intercountry.com\/index.php\/wp-json\/wp\/v2\/types\/page"}],"author":[{"embeddable":true,"href":"https:\/\/natixis.ezine.intercountry.com\/index.php\/wp-json\/wp\/v2\/users\/1"}],"replies":[{"embeddable":true,"href":"https:\/\/natixis.ezine.intercountry.com\/index.php\/wp-json\/wp\/v2\/comments?post=2"}],"version-history":[{"count":102,"href":"https:\/\/natixis.ezine.intercountry.com\/index.php\/wp-json\/wp\/v2\/pages\/2\/revisions"}],"predecessor-version":[{"id":5682,"href":"https:\/\/natixis.ezine.intercountry.com\/index.php\/wp-json\/wp\/v2\/pages\/2\/revisions\/5682"}],"wp:featuredmedia":[{"embeddable":true,"href":"https:\/\/natixis.ezine.intercountry.com\/index.php\/wp-json\/wp\/v2\/media\/556"}],"wp:attachment":[{"href":"https:\/\/natixis.ezine.intercountry.com\/index.php\/wp-json\/wp\/v2\/media?parent=2"}],"curies":[{"name":"wp","href":"https:\/\/api.w.org\/{rel}","templated":true}]}}